{"id":2611,"date":"2025-01-14T12:38:28","date_gmt":"2025-01-14T11:38:28","guid":{"rendered":"https:\/\/relaunch.hotel-haverkamp.de\/imprint\/"},"modified":"2025-07-23T12:58:14","modified_gmt":"2025-07-23T10:58:14","slug":"imprint","status":"publish","type":"page","link":"https:\/\/hotel-haverkamp.de\/en\/imprint\/","title":{"rendered":"Imprint"},"content":{"rendered":"\t\t<div data-elementor-type=\"wp-page\" data-elementor-id=\"2611\" class=\"elementor elementor-2611 elementor-9\" data-elementor-post-type=\"page\">\n\t\t\t\t<div class=\"elementor-element elementor-element-72ac953 e-con-full e-flex e-con e-parent\" data-id=\"72ac953\" data-element_type=\"container\" data-e-type=\"container\" data-settings=\"{&quot;background_background&quot;:&quot;classic&quot;}\">\n\t\t\t\t<div class=\"elementor-element elementor-element-df4719b elementor-widget elementor-widget-spacer\" data-id=\"df4719b\" data-element_type=\"widget\" data-e-type=\"widget\" data-widget_type=\"spacer.default\">\n\t\t\t\t<div class=\"elementor-widget-container\">\n\t\t\t\t\t\t\t<div class=\"elementor-spacer\">\n\t\t\t<div class=\"elementor-spacer-inner\"><\/div>\n\t\t<\/div>\n\t\t\t\t\t\t<\/div>\n\t\t\t\t<\/div>\n\t\t\t\t<\/div>\n\t\t<div class=\"elementor-element elementor-element-1b2085d e-flex e-con-boxed e-con e-parent\" data-id=\"1b2085d\" data-element_type=\"container\" data-e-type=\"container\">\n\t\t\t\t\t<div class=\"e-con-inner\">\n\t\t\t\t<div class=\"elementor-element elementor-element-e98891b elementor-widget elementor-widget-heading\" data-id=\"e98891b\" data-element_type=\"widget\" data-e-type=\"widget\" data-widget_type=\"heading.default\">\n\t\t\t\t<div class=\"elementor-widget-container\">\n\t\t\t\t\t<h1 class=\"elementor-heading-title elementor-size-default\">Imprint<\/h1>\t\t\t\t<\/div>\n\t\t\t\t<\/div>\n\t\t\t\t<div class=\"elementor-element elementor-element-09e995f elementor-widget elementor-widget-text-editor\" data-id=\"09e995f\" data-element_type=\"widget\" data-e-type=\"widget\" data-widget_type=\"text-editor.default\">\n\t\t\t\t<div class=\"elementor-widget-container\">\n\t\t\t\t\t\t\t\t\t<p>Hotel Haverkamp, Seiffert GmbH<br>Prager Stra\u00dfe 34<br>27568 Bremerhaven<\/p>\n<p>Commercial Register: HRB-Nr. 2052<br>Registration court: Amtsgericht Bremen <\/p>\n<p><strong>Represented by:<br><\/strong>Martin Seiffert<\/p>\n<h2>Contact us<\/h2>\n<p>Phone: +49 (0)471 48330<br>Telefax: +49 (0)471 4833281<br>E-mail: info[at]hotel-haverkamp.de<\/p>\n<h2>VAT ID<\/h2>\n<p>Sales tax identification number according to Sect. 27 a of the Sales Tax Law:<br>DE 173584764<\/p>\n<h2>Dispute resolution proceedings in front of a consumer arbitration board<\/h2>\n<p>We are not willing or obliged to participate in dispute resolution proceedings in front of a consumer arbitration board.<\/p>\n<h2>Picture credits<\/h2>\n<p>Yvonne B\u00f6sel I Studio 23<br>Inna Grebe I Fotografie &amp; Videografie<br>Elisa Meyer I Studio EM&nbsp;&nbsp;&nbsp;&nbsp;<br><a href=\"https:\/\/hotel-haverkamp.de\/charakter\/\">Emina Seiffert I&nbsp;Hotel Haverkamp<\/a><br>Anja Tischler Fotografie&nbsp;<br>T\u00fcrkay Y\u00fcce\u00fcn\u00fcvar I TUYU Photography <br>Marlies Menger Fotografie<br>Einzelnes Bild I Stadttheater Bremerhaven: Heiko Sandelmann<br>Einzelnes Bild I Klimahaus Au\u00dfenansicht: Marcus Meyer I Klimahaus Bremerhaven<\/p>\t\t\t\t\t\t\t\t<\/div>\n\t\t\t\t<\/div>\n\t\t\t\t\t<\/div>\n\t\t\t\t<\/div>\n\t\t\t\t<\/div>\n\t\t","protected":false},"excerpt":{"rendered":"<p>Imprint Hotel Haverkamp, Seiffert GmbHPrager Stra\u00dfe 3427568 Bremerhaven Commercial Register: HRB-Nr. 2052Registration court: Amtsgericht Bremen Represented by:Martin Seiffert Contact us Phone: +49 (0)471 48330Telefax: +49 (0)471 4833281E-mail: info[at]hotel-haverkamp.de VAT ID Sales tax identification number according to Sect. 27 a of the Sales Tax Law:DE 173584764 Dispute resolution proceedings in front of a consumer arbitration board [&hellip;]<\/p>\n","protected":false},"author":1,"featured_media":0,"parent":0,"menu_order":0,"comment_status":"closed","ping_status":"closed","template":"","meta":{"footnotes":""},"class_list":["post-2611","page","type-page","status-publish","hentry"],"yoast_head":"<!-- This site is optimized with the Yoast SEO plugin v27.4 - https:\/\/yoast.com\/product\/yoast-seo-wordpress\/ -->\n<title>Imprint - Hotel Haverkamp<\/title>\n<meta name=\"robots\" content=\"index, follow, max-snippet:-1, max-image-preview:large, max-video-preview:-1\" \/>\n<link rel=\"canonical\" href=\"https:\/\/hotel-haverkamp.de\/en\/imprint\/\" \/>\n<meta property=\"og:locale\" content=\"en_US\" \/>\n<meta property=\"og:type\" content=\"article\" \/>\n<meta property=\"og:title\" content=\"Imprint - Hotel Haverkamp\" \/>\n<meta property=\"og:description\" content=\"Imprint Hotel Haverkamp, Seiffert GmbHPrager Stra\u00dfe 3427568 Bremerhaven Commercial Register: HRB-Nr. 2052Registration court: Amtsgericht Bremen Represented by:Martin Seiffert Contact us Phone: +49 (0)471 48330Telefax: +49 (0)471 4833281E-mail: info[at]hotel-haverkamp.de VAT ID Sales tax identification number according to Sect. 27 a of the Sales Tax Law:DE 173584764 Dispute resolution proceedings in front of a consumer arbitration board [&hellip;]\" \/>\n<meta property=\"og:url\" content=\"https:\/\/hotel-haverkamp.de\/en\/imprint\/\" \/>\n<meta property=\"og:site_name\" content=\"Hotel Haverkamp\" \/>\n<meta property=\"article:modified_time\" content=\"2025-07-23T10:58:14+00:00\" \/>\n<meta name=\"twitter:card\" content=\"summary_large_image\" \/>\n<meta name=\"twitter:label1\" content=\"Est. reading time\" \/>\n\t<meta name=\"twitter:data1\" content=\"1 minute\" \/>\n<script type=\"application\/ld+json\" class=\"yoast-schema-graph\">{\"@context\":\"https:\\\/\\\/schema.org\",\"@graph\":[{\"@type\":\"WebPage\",\"@id\":\"https:\\\/\\\/hotel-haverkamp.de\\\/en\\\/imprint\\\/\",\"url\":\"https:\\\/\\\/hotel-haverkamp.de\\\/en\\\/imprint\\\/\",\"name\":\"Imprint - Hotel Haverkamp\",\"isPartOf\":{\"@id\":\"https:\\\/\\\/hotel-haverkamp.de\\\/en\\\/#website\"},\"datePublished\":\"2025-01-14T11:38:28+00:00\",\"dateModified\":\"2025-07-23T10:58:14+00:00\",\"breadcrumb\":{\"@id\":\"https:\\\/\\\/hotel-haverkamp.de\\\/en\\\/imprint\\\/#breadcrumb\"},\"inLanguage\":\"en-US\",\"potentialAction\":[{\"@type\":\"ReadAction\",\"target\":[\"https:\\\/\\\/hotel-haverkamp.de\\\/en\\\/imprint\\\/\"]}]},{\"@type\":\"BreadcrumbList\",\"@id\":\"https:\\\/\\\/hotel-haverkamp.de\\\/en\\\/imprint\\\/#breadcrumb\",\"itemListElement\":[{\"@type\":\"ListItem\",\"position\":1,\"name\":\"Startseite\",\"item\":\"https:\\\/\\\/hotel-haverkamp.de\\\/en\\\/\"},{\"@type\":\"ListItem\",\"position\":2,\"name\":\"Imprint\"}]},{\"@type\":\"WebSite\",\"@id\":\"https:\\\/\\\/hotel-haverkamp.de\\\/en\\\/#website\",\"url\":\"https:\\\/\\\/hotel-haverkamp.de\\\/en\\\/\",\"name\":\"CIKOS Innenarchitektur\",\"description\":\"The magic happens inside.\",\"publisher\":{\"@id\":\"https:\\\/\\\/hotel-haverkamp.de\\\/en\\\/#organization\"},\"potentialAction\":[{\"@type\":\"SearchAction\",\"target\":{\"@type\":\"EntryPoint\",\"urlTemplate\":\"https:\\\/\\\/hotel-haverkamp.de\\\/en\\\/?s={search_term_string}\"},\"query-input\":{\"@type\":\"PropertyValueSpecification\",\"valueRequired\":true,\"valueName\":\"search_term_string\"}}],\"inLanguage\":\"en-US\"},{\"@type\":\"Organization\",\"@id\":\"https:\\\/\\\/hotel-haverkamp.de\\\/en\\\/#organization\",\"name\":\"CIKOS Innenarchitektur\",\"url\":\"https:\\\/\\\/hotel-haverkamp.de\\\/en\\\/\",\"logo\":{\"@type\":\"ImageObject\",\"inLanguage\":\"en-US\",\"@id\":\"https:\\\/\\\/hotel-haverkamp.de\\\/en\\\/#\\\/schema\\\/logo\\\/image\\\/\",\"url\":\"https:\\\/\\\/hotel-haverkamp.de\\\/wp-content\\\/uploads\\\/hotel-haverkamp-logo-schwarz-1.jpg\",\"contentUrl\":\"https:\\\/\\\/hotel-haverkamp.de\\\/wp-content\\\/uploads\\\/hotel-haverkamp-logo-schwarz-1.jpg\",\"width\":857,\"height\":299,\"caption\":\"CIKOS Innenarchitektur\"},\"image\":{\"@id\":\"https:\\\/\\\/hotel-haverkamp.de\\\/en\\\/#\\\/schema\\\/logo\\\/image\\\/\"}}]}<\/script>\n<!-- \/ Yoast SEO plugin. -->","yoast_head_json":{"title":"Imprint - Hotel Haverkamp","robots":{"index":"index","follow":"follow","max-snippet":"max-snippet:-1","max-image-preview":"max-image-preview:large","max-video-preview":"max-video-preview:-1"},"canonical":"https:\/\/hotel-haverkamp.de\/en\/imprint\/","og_locale":"en_US","og_type":"article","og_title":"Imprint - Hotel Haverkamp","og_description":"Imprint Hotel Haverkamp, Seiffert GmbHPrager Stra\u00dfe 3427568 Bremerhaven Commercial Register: HRB-Nr. 2052Registration court: Amtsgericht Bremen Represented by:Martin Seiffert Contact us Phone: +49 (0)471 48330Telefax: +49 (0)471 4833281E-mail: info[at]hotel-haverkamp.de VAT ID Sales tax identification number according to Sect. 27 a of the Sales Tax Law:DE 173584764 Dispute resolution proceedings in front of a consumer arbitration board [&hellip;]","og_url":"https:\/\/hotel-haverkamp.de\/en\/imprint\/","og_site_name":"Hotel Haverkamp","article_modified_time":"2025-07-23T10:58:14+00:00","twitter_card":"summary_large_image","twitter_misc":{"Est. reading time":"1 minute"},"schema":{"@context":"https:\/\/schema.org","@graph":[{"@type":"WebPage","@id":"https:\/\/hotel-haverkamp.de\/en\/imprint\/","url":"https:\/\/hotel-haverkamp.de\/en\/imprint\/","name":"Imprint - Hotel Haverkamp","isPartOf":{"@id":"https:\/\/hotel-haverkamp.de\/en\/#website"},"datePublished":"2025-01-14T11:38:28+00:00","dateModified":"2025-07-23T10:58:14+00:00","breadcrumb":{"@id":"https:\/\/hotel-haverkamp.de\/en\/imprint\/#breadcrumb"},"inLanguage":"en-US","potentialAction":[{"@type":"ReadAction","target":["https:\/\/hotel-haverkamp.de\/en\/imprint\/"]}]},{"@type":"BreadcrumbList","@id":"https:\/\/hotel-haverkamp.de\/en\/imprint\/#breadcrumb","itemListElement":[{"@type":"ListItem","position":1,"name":"Startseite","item":"https:\/\/hotel-haverkamp.de\/en\/"},{"@type":"ListItem","position":2,"name":"Imprint"}]},{"@type":"WebSite","@id":"https:\/\/hotel-haverkamp.de\/en\/#website","url":"https:\/\/hotel-haverkamp.de\/en\/","name":"CIKOS Innenarchitektur","description":"The magic happens inside.","publisher":{"@id":"https:\/\/hotel-haverkamp.de\/en\/#organization"},"potentialAction":[{"@type":"SearchAction","target":{"@type":"EntryPoint","urlTemplate":"https:\/\/hotel-haverkamp.de\/en\/?s={search_term_string}"},"query-input":{"@type":"PropertyValueSpecification","valueRequired":true,"valueName":"search_term_string"}}],"inLanguage":"en-US"},{"@type":"Organization","@id":"https:\/\/hotel-haverkamp.de\/en\/#organization","name":"CIKOS Innenarchitektur","url":"https:\/\/hotel-haverkamp.de\/en\/","logo":{"@type":"ImageObject","inLanguage":"en-US","@id":"https:\/\/hotel-haverkamp.de\/en\/#\/schema\/logo\/image\/","url":"https:\/\/hotel-haverkamp.de\/wp-content\/uploads\/hotel-haverkamp-logo-schwarz-1.jpg","contentUrl":"https:\/\/hotel-haverkamp.de\/wp-content\/uploads\/hotel-haverkamp-logo-schwarz-1.jpg","width":857,"height":299,"caption":"CIKOS Innenarchitektur"},"image":{"@id":"https:\/\/hotel-haverkamp.de\/en\/#\/schema\/logo\/image\/"}}]}},"_links":{"self":[{"href":"https:\/\/hotel-haverkamp.de\/en\/wp-json\/wp\/v2\/pages\/2611","targetHints":{"allow":["GET"]}}],"collection":[{"href":"https:\/\/hotel-haverkamp.de\/en\/wp-json\/wp\/v2\/pages"}],"about":[{"href":"https:\/\/hotel-haverkamp.de\/en\/wp-json\/wp\/v2\/types\/page"}],"author":[{"embeddable":true,"href":"https:\/\/hotel-haverkamp.de\/en\/wp-json\/wp\/v2\/users\/1"}],"replies":[{"embeddable":true,"href":"https:\/\/hotel-haverkamp.de\/en\/wp-json\/wp\/v2\/comments?post=2611"}],"version-history":[{"count":5,"href":"https:\/\/hotel-haverkamp.de\/en\/wp-json\/wp\/v2\/pages\/2611\/revisions"}],"predecessor-version":[{"id":3738,"href":"https:\/\/hotel-haverkamp.de\/en\/wp-json\/wp\/v2\/pages\/2611\/revisions\/3738"}],"wp:attachment":[{"href":"https:\/\/hotel-haverkamp.de\/en\/wp-json\/wp\/v2\/media?parent=2611"}],"curies":[{"name":"wp","href":"https:\/\/api.w.org\/{rel}","templated":true}]}}