{"id":2605,"date":"2025-02-19T10:55:28","date_gmt":"2025-02-19T09:55:28","guid":{"rendered":"https:\/\/relaunch.hotel-haverkamp.de\/hotel\/location\/"},"modified":"2025-05-07T13:04:34","modified_gmt":"2025-05-07T11:04:34","slug":"location","status":"publish","type":"page","link":"https:\/\/hotel-haverkamp.de\/en\/hotel\/location\/","title":{"rendered":"Location"},"content":{"rendered":"\t\t<div data-elementor-type=\"wp-page\" data-elementor-id=\"2605\" class=\"elementor elementor-2605 elementor-91\" data-elementor-post-type=\"page\">\n\t\t\t\t<div class=\"elementor-element elementor-element-fe032e3 e-flex e-con-boxed e-con e-parent\" data-id=\"fe032e3\" data-element_type=\"container\" data-e-type=\"container\" data-settings=\"{&quot;background_background&quot;:&quot;classic&quot;}\">\n\t\t\t\t\t<div class=\"e-con-inner\">\n\t\t\t\t<div class=\"elementor-element elementor-element-25834f8 elementor-widget elementor-widget-image\" data-id=\"25834f8\" data-element_type=\"widget\" data-e-type=\"widget\" data-widget_type=\"image.default\">\n\t\t\t\t<div class=\"elementor-widget-container\">\n\t\t\t\t\t\t\t\t\t\t\t\t\t\t\t<img fetchpriority=\"high\" decoding=\"async\" width=\"800\" height=\"468\" src=\"https:\/\/hotel-haverkamp.de\/wp-content\/uploads\/hotel-haverkamp-hotel-lage-01.jpg\" class=\"attachment-large size-large wp-image-2274\" alt=\"Fa\u00e7ade and main entrance of the Hotel Haverkamp in daylight\" srcset=\"https:\/\/hotel-haverkamp.de\/wp-content\/uploads\/hotel-haverkamp-hotel-lage-01.jpg 800w, https:\/\/hotel-haverkamp.de\/wp-content\/uploads\/hotel-haverkamp-hotel-lage-01-300x176.jpg 300w, https:\/\/hotel-haverkamp.de\/wp-content\/uploads\/hotel-haverkamp-hotel-lage-01-768x449.jpg 768w\" sizes=\"(max-width: 800px) 100vw, 800px\" \/>\t\t\t\t\t\t\t\t\t\t\t\t\t\t\t<\/div>\n\t\t\t\t<\/div>\n\t\t\t\t<div class=\"elementor-element elementor-element-a72db0f e-transform elementor-widget elementor-widget-heading\" data-id=\"a72db0f\" data-element_type=\"widget\" data-e-type=\"widget\" data-settings=\"{&quot;motion_fx_motion_fx_scrolling&quot;:&quot;yes&quot;,&quot;motion_fx_translateY_effect&quot;:&quot;yes&quot;,&quot;motion_fx_translateY_speed&quot;:{&quot;unit&quot;:&quot;px&quot;,&quot;size&quot;:2,&quot;sizes&quot;:[]},&quot;_transform_translateY_effect_mobile&quot;:{&quot;unit&quot;:&quot;px&quot;,&quot;size&quot;:-20,&quot;sizes&quot;:[]},&quot;motion_fx_translateY_affectedRange&quot;:{&quot;unit&quot;:&quot;%&quot;,&quot;size&quot;:&quot;&quot;,&quot;sizes&quot;:{&quot;start&quot;:0,&quot;end&quot;:100}},&quot;motion_fx_devices&quot;:[&quot;desktop&quot;,&quot;tablet&quot;,&quot;mobile&quot;],&quot;_transform_translateX_effect&quot;:{&quot;unit&quot;:&quot;px&quot;,&quot;size&quot;:&quot;&quot;,&quot;sizes&quot;:[]},&quot;_transform_translateX_effect_tablet&quot;:{&quot;unit&quot;:&quot;px&quot;,&quot;size&quot;:&quot;&quot;,&quot;sizes&quot;:[]},&quot;_transform_translateX_effect_mobile&quot;:{&quot;unit&quot;:&quot;px&quot;,&quot;size&quot;:&quot;&quot;,&quot;sizes&quot;:[]},&quot;_transform_translateY_effect&quot;:{&quot;unit&quot;:&quot;px&quot;,&quot;size&quot;:&quot;&quot;,&quot;sizes&quot;:[]},&quot;_transform_translateY_effect_tablet&quot;:{&quot;unit&quot;:&quot;px&quot;,&quot;size&quot;:&quot;&quot;,&quot;sizes&quot;:[]}}\" data-widget_type=\"heading.default\">\n\t\t\t\t<div class=\"elementor-widget-container\">\n\t\t\t\t\t<h1 class=\"elementor-heading-title elementor-size-default\">Location<\/h1>\t\t\t\t<\/div>\n\t\t\t\t<\/div>\n\t\t\t\t\t<\/div>\n\t\t\t\t<\/div>\n\t\t<div class=\"elementor-element elementor-element-fe42757 e-flex e-con-boxed e-con e-parent\" data-id=\"fe42757\" data-element_type=\"container\" data-e-type=\"container\" data-settings=\"{&quot;background_background&quot;:&quot;classic&quot;}\">\n\t\t\t\t\t<div class=\"e-con-inner\">\n\t\t\t\t<div class=\"elementor-element elementor-element-f4adb17 elementor-widget elementor-widget-heading\" data-id=\"f4adb17\" data-element_type=\"widget\" data-e-type=\"widget\" data-widget_type=\"heading.default\">\n\t\t\t\t<div class=\"elementor-widget-container\">\n\t\t\t\t\t<h2 class=\"elementor-heading-title elementor-size-default\">Right in the  middle<\/h2>\t\t\t\t<\/div>\n\t\t\t\t<\/div>\n\t\t\t\t<div class=\"elementor-element elementor-element-b2a81e7 elementor-widget__width-initial elementor-widget elementor-widget-text-editor\" data-id=\"b2a81e7\" data-element_type=\"widget\" data-e-type=\"widget\" data-widget_type=\"text-editor.default\">\n\t\t\t\t<div class=\"elementor-widget-container\">\n\t\t\t\t\t\t\t\t\t<p>Climate House, Emigration Center, Municipal Theatre, Zoo by the Sea, Maritime Museum and you are right in the middle of it all: The Hotel Haverkamp is located in a quiet side street of the pedestrian zone &#8211; just a few minutes&#8217; walk from Bremerhaven&#8217;s attractions and close to stores, museums, theaters, cinemas, caf\u00e9s, restaurants and the water.<\/p><p>The HAVERKAMP SUITES and APARTMENTS are just a few steps from the hotel. Simply come to reception to check in! <\/p>\t\t\t\t\t\t\t\t<\/div>\n\t\t\t\t<\/div>\n\t\t\t\t<div class=\"elementor-element elementor-element-1bec2c8 elementor-widget__width-initial elementor-widget elementor-widget-n-accordion\" data-id=\"1bec2c8\" data-element_type=\"widget\" data-e-type=\"widget\" data-settings=\"{&quot;default_state&quot;:&quot;all_collapsed&quot;,&quot;n_accordion_animation_duration&quot;:{&quot;unit&quot;:&quot;ms&quot;,&quot;size&quot;:200,&quot;sizes&quot;:[]},&quot;max_items_expended&quot;:&quot;one&quot;}\" data-widget_type=\"nested-accordion.default\">\n\t\t\t\t<div class=\"elementor-widget-container\">\n\t\t\t\t\t\t\t<div class=\"e-n-accordion\" aria-label=\"Accordion. Open links with Enter or Space, close with Escape, and navigate with Arrow Keys\">\n\t\t\t\t\t\t<details id=\"e-n-accordion-item-2920\" class=\"e-n-accordion-item\" >\n\t\t\t\t<summary class=\"e-n-accordion-item-title\" data-accordion-index=\"1\" tabindex=\"0\" aria-expanded=\"false\" aria-controls=\"e-n-accordion-item-2920\" >\n\t\t\t\t\t<span class='e-n-accordion-item-title-header'><div class=\"e-n-accordion-item-title-text\"> Neighborhood <\/div><\/span>\n\t\t\t\t\t\t\t<span class='e-n-accordion-item-title-icon'>\n\t\t\t<span class='e-opened' ><i aria-hidden=\"true\" class=\"icon icon-up-arrow1\"><\/i><\/span>\n\t\t\t<span class='e-closed'><i aria-hidden=\"true\" class=\"icon icon-down-arrow1\"><\/i><\/span>\n\t\t<\/span>\n\n\t\t\t\t\t\t<\/summary>\n\t\t\t\t<div role=\"region\" aria-labelledby=\"e-n-accordion-item-2920\" class=\"elementor-element elementor-element-d59bc6d e-con-full e-flex e-con e-child\" data-id=\"d59bc6d\" data-element_type=\"container\" data-e-type=\"container\">\n\t\t\t\t<div class=\"elementor-element elementor-element-9c8b1f3 elementor-widget elementor-widget-text-editor\" data-id=\"9c8b1f3\" data-element_type=\"widget\" data-e-type=\"widget\" data-widget_type=\"text-editor.default\">\n\t\t\t\t<div class=\"elementor-widget-container\">\n\t\t\t\t\t\t\t\t\t<p><strong>City &amp; river <\/strong><\/p><p>At Hotel Haverkamp you will be staying in the middle of the city between two rivers. Along the Geeste you can take a walk, cycle or jog along the Geeste hiking trail or stroll along the dyke overlooking the Weser and visit the most important museums and adventure worlds.<\/p><p>The pedestrian zone is only 100 meters away. Simply turn off at the landmark &#8211; the B\u00fcrgermeister-Smidt-Ged\u00e4chtniskirche &#8211; and you can discover stores, cozy caf\u00e9s and restaurants.<\/p>\t\t\t\t\t\t\t\t<\/div>\n\t\t\t\t<\/div>\n\t\t\t\t<\/div>\n\t\t\t\t\t<\/details>\n\t\t\t\t\t\t<details id=\"e-n-accordion-item-2921\" class=\"e-n-accordion-item\" >\n\t\t\t\t<summary class=\"e-n-accordion-item-title\" data-accordion-index=\"2\" tabindex=\"-1\" aria-expanded=\"false\" aria-controls=\"e-n-accordion-item-2921\" >\n\t\t\t\t\t<span class='e-n-accordion-item-title-header'><div class=\"e-n-accordion-item-title-text\"> In walking distance <\/div><\/span>\n\t\t\t\t\t\t\t<span class='e-n-accordion-item-title-icon'>\n\t\t\t<span class='e-opened' ><i aria-hidden=\"true\" class=\"icon icon-up-arrow1\"><\/i><\/span>\n\t\t\t<span class='e-closed'><i aria-hidden=\"true\" class=\"icon icon-down-arrow1\"><\/i><\/span>\n\t\t<\/span>\n\n\t\t\t\t\t\t<\/summary>\n\t\t\t\t<div role=\"region\" aria-labelledby=\"e-n-accordion-item-2921\" class=\"elementor-element elementor-element-f59c8d6 e-con-full e-flex e-con e-child\" data-id=\"f59c8d6\" data-element_type=\"container\" data-e-type=\"container\">\n\t\t\t\t<div class=\"elementor-element elementor-element-4d4bbe7 elementor-widget elementor-widget-text-editor\" data-id=\"4d4bbe7\" data-element_type=\"widget\" data-e-type=\"widget\" data-widget_type=\"text-editor.default\">\n\t\t\t\t<div class=\"elementor-widget-container\">\n\t\t\t\t\t\t\t\t\t<p>Pedestrian zone I Shopping malls Columbus Center &amp; MOIN Outlet I City Theater I Art Museum I Zoo at the Sea I German Emigration Center I Climate Science Center I River Weser Lido I Harbor tours<\/p>\t\t\t\t\t\t\t\t<\/div>\n\t\t\t\t<\/div>\n\t\t\t\t<\/div>\n\t\t\t\t\t<\/details>\n\t\t\t\t\t\t<details id=\"e-n-accordion-item-2922\" class=\"e-n-accordion-item\" >\n\t\t\t\t<summary class=\"e-n-accordion-item-title\" data-accordion-index=\"3\" tabindex=\"-1\" aria-expanded=\"false\" aria-controls=\"e-n-accordion-item-2922\" >\n\t\t\t\t\t<span class='e-n-accordion-item-title-header'><div class=\"e-n-accordion-item-title-text\"> By car <\/div><\/span>\n\t\t\t\t\t\t\t<span class='e-n-accordion-item-title-icon'>\n\t\t\t<span class='e-opened' ><i aria-hidden=\"true\" class=\"icon icon-up-arrow1\"><\/i><\/span>\n\t\t\t<span class='e-closed'><i aria-hidden=\"true\" class=\"icon icon-down-arrow1\"><\/i><\/span>\n\t\t<\/span>\n\n\t\t\t\t\t\t<\/summary>\n\t\t\t\t<div role=\"region\" aria-labelledby=\"e-n-accordion-item-2922\" class=\"elementor-element elementor-element-8501990 e-con-full e-flex e-con e-child\" data-id=\"8501990\" data-element_type=\"container\" data-e-type=\"container\">\n\t\t\t\t<div class=\"elementor-element elementor-element-b29d5b8 elementor-widget elementor-widget-text-editor\" data-id=\"b29d5b8\" data-element_type=\"widget\" data-e-type=\"widget\" data-widget_type=\"text-editor.default\">\n\t\t\t\t<div class=\"elementor-widget-container\">\n\t\t\t\t\t\t\t\t\t<p>A 27 I Exit \u201cBremerhaven-Zentrum\u201c I Straight on to \u201cStadtmitte\u201d (city center) I Turn left at the traffic lights (Deichstra\u00dfe) I Turn right at the next traffic lights (Keilstra\u00dfe) I take the second street (Prager Stra\u00dfe) left I Hotel lies 500 m along the road I Private parking I \u20ac 10 per night I Bus parking<\/p>\t\t\t\t\t\t\t\t<\/div>\n\t\t\t\t<\/div>\n\t\t\t\t<\/div>\n\t\t\t\t\t<\/details>\n\t\t\t\t\t\t<details id=\"e-n-accordion-item-2923\" class=\"e-n-accordion-item\" >\n\t\t\t\t<summary class=\"e-n-accordion-item-title\" data-accordion-index=\"4\" tabindex=\"-1\" aria-expanded=\"false\" aria-controls=\"e-n-accordion-item-2923\" >\n\t\t\t\t\t<span class='e-n-accordion-item-title-header'><div class=\"e-n-accordion-item-title-text\"> Parking <\/div><\/span>\n\t\t\t\t\t\t\t<span class='e-n-accordion-item-title-icon'>\n\t\t\t<span class='e-opened' ><i aria-hidden=\"true\" class=\"icon icon-up-arrow1\"><\/i><\/span>\n\t\t\t<span class='e-closed'><i aria-hidden=\"true\" class=\"icon icon-down-arrow1\"><\/i><\/span>\n\t\t<\/span>\n\n\t\t\t\t\t\t<\/summary>\n\t\t\t\t<div role=\"region\" aria-labelledby=\"e-n-accordion-item-2923\" class=\"elementor-element elementor-element-8c8c5b8 e-con-full e-flex e-con e-child\" data-id=\"8c8c5b8\" data-element_type=\"container\" data-e-type=\"container\">\n\t\t\t\t<div class=\"elementor-element elementor-element-49a1802 elementor-widget elementor-widget-text-editor\" data-id=\"49a1802\" data-element_type=\"widget\" data-e-type=\"widget\" data-widget_type=\"text-editor.default\">\n\t\t\t\t<div class=\"elementor-widget-container\">\n\t\t\t\t\t\t\t\t\t<p><strong>Stop &amp; go<\/strong><\/p><p>We offer several parking spaces around our hotel. You are welcome to leave your car here as you can reach many sights of the seaside town on foot in just a few minutes.<\/p><p>Further information on parking can be found under <a href=\"https:\/\/hotel-haverkamp.de\/en\/hotel\/faq\/\">Questions &amp; Answers.<\/a><\/p>\t\t\t\t\t\t\t\t<\/div>\n\t\t\t\t<\/div>\n\t\t\t\t<\/div>\n\t\t\t\t\t<\/details>\n\t\t\t\t\t\t<details id=\"e-n-accordion-item-2924\" class=\"e-n-accordion-item\" >\n\t\t\t\t<summary class=\"e-n-accordion-item-title\" data-accordion-index=\"5\" tabindex=\"-1\" aria-expanded=\"false\" aria-controls=\"e-n-accordion-item-2924\" >\n\t\t\t\t\t<span class='e-n-accordion-item-title-header'><div class=\"e-n-accordion-item-title-text\"> By train <\/div><\/span>\n\t\t\t\t\t\t\t<span class='e-n-accordion-item-title-icon'>\n\t\t\t<span class='e-opened' ><i aria-hidden=\"true\" class=\"icon icon-up-arrow1\"><\/i><\/span>\n\t\t\t<span class='e-closed'><i aria-hidden=\"true\" class=\"icon icon-down-arrow1\"><\/i><\/span>\n\t\t<\/span>\n\n\t\t\t\t\t\t<\/summary>\n\t\t\t\t<div role=\"region\" aria-labelledby=\"e-n-accordion-item-2924\" class=\"elementor-element elementor-element-cb0559a e-con-full e-flex e-con e-child\" data-id=\"cb0559a\" data-element_type=\"container\" data-e-type=\"container\">\n\t\t\t\t<div class=\"elementor-element elementor-element-7763a67 elementor-widget elementor-widget-text-editor\" data-id=\"7763a67\" data-element_type=\"widget\" data-e-type=\"widget\" data-widget_type=\"text-editor.default\">\n\t\t\t\t<div class=\"elementor-widget-container\">\n\t\t\t\t\t\t\t\t\t<p>Take a bus from the central station (502, 505, 506 or 508) to \u201cZentrum\u201c (city center) I bus stop \u201cGro\u00dfe Kirche\u201d<\/p>\t\t\t\t\t\t\t\t<\/div>\n\t\t\t\t<\/div>\n\t\t\t\t<\/div>\n\t\t\t\t\t<\/details>\n\t\t\t\t\t<\/div>\n\t\t\t\t\t\t<\/div>\n\t\t\t\t<\/div>\n\t\t\t\t\t<\/div>\n\t\t\t\t<\/div>\n\t\t<div class=\"elementor-element elementor-element-e7e99d6 e-flex e-con-boxed e-con e-parent\" data-id=\"e7e99d6\" data-element_type=\"container\" data-e-type=\"container\">\n\t\t\t\t\t<div class=\"e-con-inner\">\n\t\t\t\t<div class=\"elementor-element elementor-element-e8359f1 elementor-widget elementor-widget-heading\" data-id=\"e8359f1\" data-element_type=\"widget\" data-e-type=\"widget\" data-widget_type=\"heading.default\">\n\t\t\t\t<div class=\"elementor-widget-container\">\n\t\t\t\t\t<span class=\"elementor-heading-title elementor-size-default\">Hotel Haverkamp<\/span>\t\t\t\t<\/div>\n\t\t\t\t<\/div>\n\t\t\t\t<div class=\"elementor-element elementor-element-aa437eb elementor-widget elementor-widget-heading\" data-id=\"aa437eb\" data-element_type=\"widget\" data-e-type=\"widget\" data-widget_type=\"heading.default\">\n\t\t\t\t<div class=\"elementor-widget-container\">\n\t\t\t\t\t<h2 class=\"elementor-heading-title elementor-size-default\">You can find us here<\/h2>\t\t\t\t<\/div>\n\t\t\t\t<\/div>\n\t\t\t\t\t<\/div>\n\t\t\t\t<\/div>\n\t\t<div class=\"elementor-element elementor-element-b8fa681 e-con-full e-flex e-con e-parent\" data-id=\"b8fa681\" data-element_type=\"container\" data-e-type=\"container\">\n\t\t\t\t<div class=\"elementor-element elementor-element-5b828ff elementor-widget elementor-widget-jet-map\" data-id=\"5b828ff\" data-element_type=\"widget\" data-e-type=\"widget\" data-widget_type=\"jet-map.default\">\n\t\t\t\t<div class=\"elementor-widget-container\">\n\t\t\t\t\t<div class=\"jet-map-message\"><div class=\"jet-map-message__dammy-map\"><\/div><span class=\"jet-map-message__text\">Please set Google Geocoding API key before using this widget.<\/span><\/div>\t\t\t\t<\/div>\n\t\t\t\t<\/div>\n\t\t\t\t<\/div>\n\t\t<div class=\"elementor-element elementor-element-d5f2fd1 e-flex e-con-boxed e-con e-parent\" data-id=\"d5f2fd1\" data-element_type=\"container\" data-e-type=\"container\">\n\t\t\t\t\t<div class=\"e-con-inner\">\n\t\t<div class=\"elementor-element elementor-element-ba84f4d e-con-full e-flex e-con e-child\" data-id=\"ba84f4d\" data-element_type=\"container\" data-e-type=\"container\" data-settings=\"{&quot;background_background&quot;:&quot;classic&quot;}\">\n\t\t\t\t<div class=\"elementor-element elementor-element-efc1090 elementor-widget elementor-widget-text-editor\" data-id=\"efc1090\" data-element_type=\"widget\" data-e-type=\"widget\" data-widget_type=\"text-editor.default\">\n\t\t\t\t<div class=\"elementor-widget-container\">\n\t\t\t\t\t\t\t\t\t<p>Hotel Haverkamp<br>Prager Stra\u00dfe 34<br>27568 Bremerhaven<\/p>\t\t\t\t\t\t\t\t<\/div>\n\t\t\t\t<\/div>\n\t\t\t\t<div class=\"elementor-element elementor-element-7a3d9e5 elementor-widget elementor-widget-button\" data-id=\"7a3d9e5\" data-element_type=\"widget\" data-e-type=\"widget\" data-widget_type=\"button.default\">\n\t\t\t\t<div class=\"elementor-widget-container\">\n\t\t\t\t\t\t\t\t\t<div class=\"elementor-button-wrapper\">\n\t\t\t\t\t<a class=\"elementor-button elementor-button-link elementor-size-sm\" href=\"https:\/\/hotel-haverkamp.de\/hotel\/lage\/\">\n\t\t\t\t\t\t<span class=\"elementor-button-content-wrapper\">\n\t\t\t\t\t\t<span class=\"elementor-button-icon\">\n\t\t\t\t<i aria-hidden=\"true\" class=\"icon icon-arrow-right\"><\/i>\t\t\t<\/span>\n\t\t\t\t\t\t\t\t\t<span class=\"elementor-button-text\">Location &amp; approach<\/span>\n\t\t\t\t\t<\/span>\n\t\t\t\t\t<\/a>\n\t\t\t\t<\/div>\n\t\t\t\t\t\t\t\t<\/div>\n\t\t\t\t<\/div>\n\t\t\t\t<\/div>\n\t\t\t\t\t<\/div>\n\t\t\t\t<\/div>\n\t\t\t\t<\/div>\n\t\t","protected":false},"excerpt":{"rendered":"<p>Location Right in the middle Climate House, Emigration Center, Municipal Theatre, Zoo by the Sea, Maritime Museum and you are right in the middle of it all: The Hotel Haverkamp is located in a quiet side street of the pedestrian zone &#8211; just a few minutes&#8217; walk from Bremerhaven&#8217;s attractions and close to stores, museums, [&hellip;]<\/p>\n","protected":false},"author":1,"featured_media":0,"parent":2600,"menu_order":0,"comment_status":"closed","ping_status":"closed","template":"","meta":{"footnotes":""},"class_list":["post-2605","page","type-page","status-publish","hentry"],"yoast_head":"<!-- This site is optimized with the Yoast SEO plugin v27.1.1 - https:\/\/yoast.com\/product\/yoast-seo-wordpress\/ -->\n<title>Location - Hotel Haverkamp<\/title>\n<meta name=\"robots\" content=\"index, follow, max-snippet:-1, max-image-preview:large, max-video-preview:-1\" \/>\n<link rel=\"canonical\" href=\"https:\/\/hotel-haverkamp.de\/en\/hotel\/location\/\" \/>\n<meta property=\"og:locale\" content=\"en_US\" \/>\n<meta property=\"og:type\" content=\"article\" \/>\n<meta property=\"og:title\" content=\"Location - Hotel Haverkamp\" \/>\n<meta property=\"og:description\" content=\"Location Right in the middle Climate House, Emigration Center, Municipal Theatre, Zoo by the Sea, Maritime Museum and you are right in the middle of it all: The Hotel Haverkamp is located in a quiet side street of the pedestrian zone &#8211; just a few minutes&#8217; walk from Bremerhaven&#8217;s attractions and close to stores, museums, [&hellip;]\" \/>\n<meta property=\"og:url\" content=\"https:\/\/hotel-haverkamp.de\/en\/hotel\/location\/\" \/>\n<meta property=\"og:site_name\" content=\"Hotel Haverkamp\" \/>\n<meta property=\"article:modified_time\" content=\"2025-05-07T11:04:34+00:00\" \/>\n<meta property=\"og:image\" content=\"https:\/\/hotel-haverkamp.de\/wp-content\/uploads\/hotel-haverkamp-hotel-lage-01.jpg\" \/>\n\t<meta property=\"og:image:width\" content=\"800\" \/>\n\t<meta property=\"og:image:height\" content=\"468\" \/>\n\t<meta property=\"og:image:type\" content=\"image\/jpeg\" \/>\n<meta name=\"twitter:card\" content=\"summary_large_image\" \/>\n<meta name=\"twitter:label1\" content=\"Est. reading time\" \/>\n\t<meta name=\"twitter:data1\" content=\"20 minutes\" \/>\n<script type=\"application\/ld+json\" class=\"yoast-schema-graph\">{\"@context\":\"https:\/\/schema.org\",\"@graph\":[{\"@type\":\"WebPage\",\"@id\":\"https:\/\/hotel-haverkamp.de\/en\/hotel\/location\/\",\"url\":\"https:\/\/hotel-haverkamp.de\/en\/hotel\/location\/\",\"name\":\"Location - Hotel Haverkamp\",\"isPartOf\":{\"@id\":\"https:\/\/hotel-haverkamp.de\/en\/#website\"},\"primaryImageOfPage\":{\"@id\":\"https:\/\/hotel-haverkamp.de\/en\/hotel\/location\/#primaryimage\"},\"image\":{\"@id\":\"https:\/\/hotel-haverkamp.de\/en\/hotel\/location\/#primaryimage\"},\"thumbnailUrl\":\"https:\/\/hotel-haverkamp.de\/wp-content\/uploads\/hotel-haverkamp-hotel-lage-01.jpg\",\"datePublished\":\"2025-02-19T09:55:28+00:00\",\"dateModified\":\"2025-05-07T11:04:34+00:00\",\"breadcrumb\":{\"@id\":\"https:\/\/hotel-haverkamp.de\/en\/hotel\/location\/#breadcrumb\"},\"inLanguage\":\"en-US\",\"potentialAction\":[{\"@type\":\"ReadAction\",\"target\":[\"https:\/\/hotel-haverkamp.de\/en\/hotel\/location\/\"]}]},{\"@type\":\"ImageObject\",\"inLanguage\":\"en-US\",\"@id\":\"https:\/\/hotel-haverkamp.de\/en\/hotel\/location\/#primaryimage\",\"url\":\"https:\/\/hotel-haverkamp.de\/wp-content\/uploads\/hotel-haverkamp-hotel-lage-01.jpg\",\"contentUrl\":\"https:\/\/hotel-haverkamp.de\/wp-content\/uploads\/hotel-haverkamp-hotel-lage-01.jpg\"},{\"@type\":\"BreadcrumbList\",\"@id\":\"https:\/\/hotel-haverkamp.de\/en\/hotel\/location\/#breadcrumb\",\"itemListElement\":[{\"@type\":\"ListItem\",\"position\":1,\"name\":\"Startseite\",\"item\":\"https:\/\/hotel-haverkamp.de\/en\/\"},{\"@type\":\"ListItem\",\"position\":2,\"name\":\"Hotel\",\"item\":\"https:\/\/hotel-haverkamp.de\/en\/hotel\/\"},{\"@type\":\"ListItem\",\"position\":3,\"name\":\"Location\"}]},{\"@type\":\"WebSite\",\"@id\":\"https:\/\/hotel-haverkamp.de\/en\/#website\",\"url\":\"https:\/\/hotel-haverkamp.de\/en\/\",\"name\":\"CIKOS Innenarchitektur\",\"description\":\"The magic happens inside.\",\"publisher\":{\"@id\":\"https:\/\/hotel-haverkamp.de\/en\/#organization\"},\"potentialAction\":[{\"@type\":\"SearchAction\",\"target\":{\"@type\":\"EntryPoint\",\"urlTemplate\":\"https:\/\/hotel-haverkamp.de\/en\/?s={search_term_string}\"},\"query-input\":{\"@type\":\"PropertyValueSpecification\",\"valueRequired\":true,\"valueName\":\"search_term_string\"}}],\"inLanguage\":\"en-US\"},{\"@type\":\"Organization\",\"@id\":\"https:\/\/hotel-haverkamp.de\/en\/#organization\",\"name\":\"CIKOS Innenarchitektur\",\"url\":\"https:\/\/hotel-haverkamp.de\/en\/\",\"logo\":{\"@type\":\"ImageObject\",\"inLanguage\":\"en-US\",\"@id\":\"https:\/\/hotel-haverkamp.de\/en\/#\/schema\/logo\/image\/\",\"url\":\"https:\/\/hotel-haverkamp.de\/wp-content\/uploads\/hotel-haverkamp-logo-schwarz-1.jpg\",\"contentUrl\":\"https:\/\/hotel-haverkamp.de\/wp-content\/uploads\/hotel-haverkamp-logo-schwarz-1.jpg\",\"width\":857,\"height\":299,\"caption\":\"CIKOS Innenarchitektur\"},\"image\":{\"@id\":\"https:\/\/hotel-haverkamp.de\/en\/#\/schema\/logo\/image\/\"}}]}<\/script>\n<!-- \/ Yoast SEO plugin. -->","yoast_head_json":{"title":"Location - Hotel Haverkamp","robots":{"index":"index","follow":"follow","max-snippet":"max-snippet:-1","max-image-preview":"max-image-preview:large","max-video-preview":"max-video-preview:-1"},"canonical":"https:\/\/hotel-haverkamp.de\/en\/hotel\/location\/","og_locale":"en_US","og_type":"article","og_title":"Location - Hotel Haverkamp","og_description":"Location Right in the middle Climate House, Emigration Center, Municipal Theatre, Zoo by the Sea, Maritime Museum and you are right in the middle of it all: The Hotel Haverkamp is located in a quiet side street of the pedestrian zone &#8211; just a few minutes&#8217; walk from Bremerhaven&#8217;s attractions and close to stores, museums, [&hellip;]","og_url":"https:\/\/hotel-haverkamp.de\/en\/hotel\/location\/","og_site_name":"Hotel Haverkamp","article_modified_time":"2025-05-07T11:04:34+00:00","og_image":[{"width":800,"height":468,"url":"https:\/\/hotel-haverkamp.de\/wp-content\/uploads\/hotel-haverkamp-hotel-lage-01.jpg","type":"image\/jpeg"}],"twitter_card":"summary_large_image","twitter_misc":{"Est. reading time":"20 minutes"},"schema":{"@context":"https:\/\/schema.org","@graph":[{"@type":"WebPage","@id":"https:\/\/hotel-haverkamp.de\/en\/hotel\/location\/","url":"https:\/\/hotel-haverkamp.de\/en\/hotel\/location\/","name":"Location - Hotel Haverkamp","isPartOf":{"@id":"https:\/\/hotel-haverkamp.de\/en\/#website"},"primaryImageOfPage":{"@id":"https:\/\/hotel-haverkamp.de\/en\/hotel\/location\/#primaryimage"},"image":{"@id":"https:\/\/hotel-haverkamp.de\/en\/hotel\/location\/#primaryimage"},"thumbnailUrl":"https:\/\/hotel-haverkamp.de\/wp-content\/uploads\/hotel-haverkamp-hotel-lage-01.jpg","datePublished":"2025-02-19T09:55:28+00:00","dateModified":"2025-05-07T11:04:34+00:00","breadcrumb":{"@id":"https:\/\/hotel-haverkamp.de\/en\/hotel\/location\/#breadcrumb"},"inLanguage":"en-US","potentialAction":[{"@type":"ReadAction","target":["https:\/\/hotel-haverkamp.de\/en\/hotel\/location\/"]}]},{"@type":"ImageObject","inLanguage":"en-US","@id":"https:\/\/hotel-haverkamp.de\/en\/hotel\/location\/#primaryimage","url":"https:\/\/hotel-haverkamp.de\/wp-content\/uploads\/hotel-haverkamp-hotel-lage-01.jpg","contentUrl":"https:\/\/hotel-haverkamp.de\/wp-content\/uploads\/hotel-haverkamp-hotel-lage-01.jpg"},{"@type":"BreadcrumbList","@id":"https:\/\/hotel-haverkamp.de\/en\/hotel\/location\/#breadcrumb","itemListElement":[{"@type":"ListItem","position":1,"name":"Startseite","item":"https:\/\/hotel-haverkamp.de\/en\/"},{"@type":"ListItem","position":2,"name":"Hotel","item":"https:\/\/hotel-haverkamp.de\/en\/hotel\/"},{"@type":"ListItem","position":3,"name":"Location"}]},{"@type":"WebSite","@id":"https:\/\/hotel-haverkamp.de\/en\/#website","url":"https:\/\/hotel-haverkamp.de\/en\/","name":"CIKOS Innenarchitektur","description":"The magic happens inside.","publisher":{"@id":"https:\/\/hotel-haverkamp.de\/en\/#organization"},"potentialAction":[{"@type":"SearchAction","target":{"@type":"EntryPoint","urlTemplate":"https:\/\/hotel-haverkamp.de\/en\/?s={search_term_string}"},"query-input":{"@type":"PropertyValueSpecification","valueRequired":true,"valueName":"search_term_string"}}],"inLanguage":"en-US"},{"@type":"Organization","@id":"https:\/\/hotel-haverkamp.de\/en\/#organization","name":"CIKOS Innenarchitektur","url":"https:\/\/hotel-haverkamp.de\/en\/","logo":{"@type":"ImageObject","inLanguage":"en-US","@id":"https:\/\/hotel-haverkamp.de\/en\/#\/schema\/logo\/image\/","url":"https:\/\/hotel-haverkamp.de\/wp-content\/uploads\/hotel-haverkamp-logo-schwarz-1.jpg","contentUrl":"https:\/\/hotel-haverkamp.de\/wp-content\/uploads\/hotel-haverkamp-logo-schwarz-1.jpg","width":857,"height":299,"caption":"CIKOS Innenarchitektur"},"image":{"@id":"https:\/\/hotel-haverkamp.de\/en\/#\/schema\/logo\/image\/"}}]}},"_links":{"self":[{"href":"https:\/\/hotel-haverkamp.de\/en\/wp-json\/wp\/v2\/pages\/2605","targetHints":{"allow":["GET"]}}],"collection":[{"href":"https:\/\/hotel-haverkamp.de\/en\/wp-json\/wp\/v2\/pages"}],"about":[{"href":"https:\/\/hotel-haverkamp.de\/en\/wp-json\/wp\/v2\/types\/page"}],"author":[{"embeddable":true,"href":"https:\/\/hotel-haverkamp.de\/en\/wp-json\/wp\/v2\/users\/1"}],"replies":[{"embeddable":true,"href":"https:\/\/hotel-haverkamp.de\/en\/wp-json\/wp\/v2\/comments?post=2605"}],"version-history":[{"count":23,"href":"https:\/\/hotel-haverkamp.de\/en\/wp-json\/wp\/v2\/pages\/2605\/revisions"}],"predecessor-version":[{"id":3362,"href":"https:\/\/hotel-haverkamp.de\/en\/wp-json\/wp\/v2\/pages\/2605\/revisions\/3362"}],"up":[{"embeddable":true,"href":"https:\/\/hotel-haverkamp.de\/en\/wp-json\/wp\/v2\/pages\/2600"}],"wp:attachment":[{"href":"https:\/\/hotel-haverkamp.de\/en\/wp-json\/wp\/v2\/media?parent=2605"}],"curies":[{"name":"wp","href":"https:\/\/api.w.org\/{rel}","templated":true}]}}